{"id":5382,"date":"2019-03-18T05:35:40","date_gmt":"2019-03-18T04:35:40","guid":{"rendered":"https:\/\/publintur.cat\/politica-de-cookies\/"},"modified":"2019-03-18T05:35:40","modified_gmt":"2019-03-18T04:35:40","slug":"politica-de-cookies","status":"publish","type":"page","link":"https:\/\/publintur.cat\/es\/politica-de-cookies\/","title":{"rendered":"Pol\u00edtica de cookies"},"content":{"rendered":"<p>El sitio web de <strong>PUBLINTUR, SA<\/strong> comunica a los usuarios, a trav\u00e9s de este aviso, que puede utilizar cookies cuando el usuario navega por las diferentes pantallas y p\u00e1ginas del sitio. Durante el uso de nuestro sitio web usted acepta y autoriza expresamente el uso de cookies, de acuerdo con nuestra pol\u00edtica de privacidad.<\/p>\n<h3>\u00bfQu\u00e9 son las cookies?<\/h3>\n<p>Una cookie es un archivo de texto muy peque\u00f1o que un servidor web puede guardar en el disco duro de un equipo para almacenar alg\u00fan tipo de informaci\u00f3n sobre el usuario. La cookie identifica el equipo de forma \u00fanica, y s\u00f3lo puede ser le\u00edda por el sitio web que lo envi\u00f3 al equipo.<\/p>\n<p>Una cookie no es un archivo ejecutable ni un programa y por tanto no puede propagar o contener un virus u otro software malicioso, ni puede tener una longitud superior a 4.000 caracteres.<\/p>\n<p>&nbsp;<\/p>\n<h3>\u00bfPara qu\u00e9 sirven las cookies?<\/h3>\n<p>La utilizaci\u00f3n de las cookies tiene como finalidad exclusiva recordar las preferencias del usuario (idioma, pa\u00eds, inicio de sesi\u00f3n, caracter\u00edsticas de su navegador, informaci\u00f3n de uso de nuestra web, etc.). Recordando sus preferencias no tendremos que, por ejemplo, preguntarle por su pa\u00eds cada vez que visite nuestra web. Sabremos las caracter\u00edsticas del ordenador que est\u00e1 utilizando y as\u00ed podremos ofrecerle una mejor experiencia de navegaci\u00f3n. Las cookies pueden ayudar en nuestro sitio web a distinguir el navegador del usuario como visitante anterior y as\u00ed guardar y recordar las preferencias que puedan haberse establecido mientras el usuario estaba navegando por el sitio, personalizar las p\u00e1ginas de inicio, identificar qu\u00e9 sectores de un sitio han sido visitados o mantener un registro de selecciones en un \u00abcarro de compra\u00bb.<\/p>\n<p>El sitio web de <strong>PUBLINTUR, SA<\/strong> puede utilizar las cookies con el objeto de reconocer a los usuarios que se hayan registrado y poder ofrecerles un mejor servicio y m\u00e1s personalizado. As\u00edmismo pueden ser utilizadas para obtener informaci\u00f3n sobre la fecha y hora de la \u00faltima visita del usuario, medir algunos par\u00e1metros de tr\u00e1fico dentro del propio sitio y estimar el n\u00famero de visitas realizadas, de manera que <strong>PUBLINTUR, SA<\/strong> pueda enfocar y ajustar los servicios y promociones de forma m\u00e1s efectiva.\u00a0Normalmente los sitios web utilizan las cookies para obtener informaci\u00f3n estad\u00edstica sobre sus p\u00e1ginas web. Recuerde que recogemos datos sobre sus movimientos y uso de nuestra web como datos estad\u00edsticos, no personales.<\/p>\n<p><strong>Tipo de cookies<\/strong><\/p>\n<p>&#8211; Cookies anal\u00edticas: Recogen informaci\u00f3n del uso que se realiza del sitio web.<br \/>\n&#8211; Cookies sociales: Son necesarias para las redes sociales externas (Facebook, Twitter Linkedin).<\/p>\n<p>&#8211; Cookies t\u00e9cnicas: Son las estrictamente necesarias para el uso del sitio web y para la prestaci\u00f3n del servicio contratado.<\/p>\n<h3>Salvaguardias de protecci\u00f3n<\/h3>\n<p>El usuario puede configurar su navegador para aceptar, o no, las cookies que recibe o para que el navegador le avise cuando un servidor quiera guardar una cookie o borrarlas de su ordenador. Puede encontrar las instrucciones en la configuraci\u00f3n de seguridad en su navegador web.<\/p>\n<p>Ejemplos:<br \/>\n&#8211; Si utiliza Microsoft Internet Explorer, en la opci\u00f3n de men\u00fa Herramientas&gt;\u00a0 Opciones de Internet&gt; Privacidad&gt; Configuraci\u00f3n.<br \/>\n&#8211; Si utiliza Firefox, en la opci\u00f3n de men\u00fa Herramientas&gt; Opciones&gt; Privacidad&gt; Cookies.<br \/>\n&#8211; Si utiliza Google Chrome, en la opci\u00f3n de men\u00fa Configuraci\u00f3n&gt; Privacidad.<br \/>\n&#8211; Si utiliza Safari, en la opci\u00f3n de men\u00fa Preferencias&gt; Seguridad.<\/p>\n<p>Puede hacer uso de la secci\u00f3n \u00abAyuda\u00bb que encontrar\u00e1 en la barra de herramientas de la mayor\u00eda de navegadores para cambiar la configuraci\u00f3n de su ordenador, sin embargo, algunas de las caracter\u00edsticas de nuestros servicios online pueden no funcionar o pueden resultar m\u00e1s complicadas de acceder si rechaza todas las cookies.<\/p>\n<p>Muchos navegadores permiten activar un modo privado mediante el cual las cookies se borran siempre despu\u00e9s de su visita. Dependiendo de cada navegador, esta manera privada de navegar puede tener diferentes nombres, abajo puede encontrar una lista de los navegadores m\u00e1s comunes y los diferentes nombres de este \u00abmodo privado\u00bb:<br \/>\n&#8211; Internet Explorer 8 y superior: InPrivate<br \/>\n&#8211; FireFox 3.5 y superior: Navegaci\u00f3n Privada<br \/>\n&#8211; Google Chrome 10 y superior: Inc\u00f3gnito<br \/>\n&#8211; Safari 2 y superior: Navegaci\u00f3n Privada<br \/>\n&#8211; Opera 10.5 y superior: Navegaci\u00f3n Privada<\/p>\n<p>Por favor, lea atentamente la secci\u00f3n de ayuda de su navegador para conocer m\u00e1s sobre c\u00f3mo activar el \u00abmodo privado\u00bb. Podr\u00e1 seguir visitando nuestra web aunque su navegador est\u00e9 en \u00abmodo privado\u00bb, sin embargo, la experiencia de usuario puede no ser \u00f3ptima y algunas utilidades pueden no funcionar.<\/p>\n<p><strong>Cambios en la Pol\u00edtica de Cookies<\/strong><br \/>\nEs posible que actualiceamos la Pol\u00edtica de Cookies de nuestro sitio web, por ello le recomendamos revisar esta pol\u00edtica cada vez que acceda a nuestro Sitio Web con el objetivo de estar adecuadamente informado sobre c\u00f3mo y para qu\u00e9 utilizamos las cookies.<\/p>\n","protected":false},"excerpt":{"rendered":"<p>El sitio web de PUBLINTUR, SA comunica a los usuarios, a trav\u00e9s de este aviso, que puede utilizar cookies cuando el usuario navega por las diferentes pantallas y p\u00e1ginas del sitio. Durante el uso de nuestro sitio web usted acepta y autoriza expresamente el uso de cookies, de acuerdo con nuestra pol\u00edtica de privacidad. \u00bfQu\u00e9&hellip;<\/p>\n","protected":false},"author":1,"featured_media":0,"parent":0,"menu_order":0,"comment_status":"closed","ping_status":"closed","template":"","meta":{"footnotes":""},"class_list":["post-5382","page","type-page","status-publish","hentry","entry","no-media"],"_links":{"self":[{"href":"https:\/\/publintur.cat\/es\/wp-json\/wp\/v2\/pages\/5382","targetHints":{"allow":["GET"]}}],"collection":[{"href":"https:\/\/publintur.cat\/es\/wp-json\/wp\/v2\/pages"}],"about":[{"href":"https:\/\/publintur.cat\/es\/wp-json\/wp\/v2\/types\/page"}],"author":[{"embeddable":true,"href":"https:\/\/publintur.cat\/es\/wp-json\/wp\/v2\/users\/1"}],"replies":[{"embeddable":true,"href":"https:\/\/publintur.cat\/es\/wp-json\/wp\/v2\/comments?post=5382"}],"version-history":[{"count":0,"href":"https:\/\/publintur.cat\/es\/wp-json\/wp\/v2\/pages\/5382\/revisions"}],"wp:attachment":[{"href":"https:\/\/publintur.cat\/es\/wp-json\/wp\/v2\/media?parent=5382"}],"curies":[{"name":"wp","href":"https:\/\/api.w.org\/{rel}","templated":true}]}}