{"id":5323,"date":"2019-03-08T14:48:07","date_gmt":"2019-03-08T13:48:07","guid":{"rendered":"https:\/\/publintur.cat\/politica-de-privacidad\/"},"modified":"2019-03-18T05:35:50","modified_gmt":"2019-03-18T04:35:50","slug":"politica-de-privacidad","status":"publish","type":"page","link":"https:\/\/publintur.cat\/es\/politica-de-privacidad\/","title":{"rendered":"Pol\u00edtica de privacidad"},"content":{"rendered":"<div class=\"wpb-content-wrapper\">[vc_row][vc_column][vc_column_text]\n<h3><strong>Quienes somos<\/strong><\/h3>\n<p>La direcci\u00f3n de nuestra web es: https:\/\/publintur.cat<\/p>\n<h3><strong>Qu\u00e9 datos personales recogemos y por qu\u00e9 los recogemos<\/strong><\/h3>\n<p><strong>Comentarios<\/strong><br \/>\nCuando los visitantes dejan comentarios en la web, recopilamos los datos que se muestran en el formulario de comentarios, as\u00ed c\u00f3mo la direcci\u00f3n IP del visitante y la cadena de aplicaciones de usuario del navegador para ayudar a la detecci\u00f3n de spam.<\/p>\n<p>Una cadena an\u00f3nima creada a partir de su direcci\u00f3n de correo electr\u00f3nico (tambi\u00e9n llamada hash) puede ser proporcionada al servicio de Gravatar para ver si la est\u00e1s utilizando. La pol\u00edtica de privacidad del servicio Gravatar est\u00e1 disponible aqu\u00ed: https:\/\/automattic.com\/privacy\/. Tras la aprobaci\u00f3n de tu comentario, la imagen de tu perfil es visible para el p\u00fablico en el contexto de su comentario.<\/p>\n<p><strong>Medios<\/strong><br \/>\nSi sube im\u00e1genes a la web deber\u00eda evitar subir im\u00e1genes con datos de ubicaci\u00f3n (GPS EXIF) incluidos. Los visitantes de la web pueden descargar y extraer cualquier dato de localizaci\u00f3n de las im\u00e1genes de la web.<\/p>\n<p><strong>Formularios de contacto<\/strong><\/p>\n<p><strong>Cookies<\/strong><br \/>\nSi deja un comentario en nuestro site puede elegir guardar su nombre, direcci\u00f3n de correo electr\u00f3nico y web en cookies. Esto es para su comodidad, para que no tenga que volver a llenar sus datos cuando deje otro comentario. Estas cookies tendr\u00e1n una duraci\u00f3n de un a\u00f1o.<\/p>\n<p>Si tiene una cuenta y se conecta en este site, instalaremos una cookie temporal para determinar si su navegador acepta cookies. Esta cookie no contiene datos personales y se elimina al cerrar el navegador.<\/p>\n<p>Cuando inicie sesi\u00f3n, tambi\u00e9n instalaremos m\u00e1s cookies para guardar su informaci\u00f3n de inicio de sesi\u00f3n y sus opciones de visualizaci\u00f3n de pantalla. Las cookies de inicio de sesi\u00f3n duran dos d\u00edas, y las cookies de opciones de pantalla duran un a\u00f1o. Si selecciona \u201cRecordarme\u201d, su inicio de sesi\u00f3n perdurar\u00e1 durante dos semanas. Si sale de su cuenta, las cookies de inicio de sesi\u00f3n se eliminar\u00e1n.<\/p>\n<p>Si edita o publique un art\u00edculo se guardar\u00e1 una cookie adicional en su navegador. Esta cookie no incluye datos personales y simplemente indica el ID del art\u00edculo que acaba de editar. Caduca despu\u00e9s de 1 d\u00eda.<\/p>\n<p>Contenido incrustado de otros sitios web<br \/>\nLos art\u00edculos de este sitio pueden incluir contenido integrado (por ejemplo, v\u00eddeos, im\u00e1genes, art\u00edculos, etc.). El contenido integrado de otras web se comporta exactamente de la misma manera que si el visitante hubiera visitado el otro web.<\/p>\n<p>Estos web pueden recopilar datos sobre ti, utilizar cookies, incrustar un seguimiento adicional de terceros, y supervisar su interacci\u00f3n con este contenido integrado, incluido el seguimiento de tu interacci\u00f3n con el contenido incrustado si tienes una cuenta y est\u00e1s conectado a esta web.<\/p>\n<p><strong>Anal\u00edtica<\/strong><\/p>\n<h3><strong>Con qui\u00e9n compartimos tus datos. Cu\u00e1nto tiempo conservamos tus datos<\/strong><\/h3>\n<p>Si dejas un comentario, el comentario y sus metadatos se conservan indefinidamente. Esto es para que podamos reconocer y aprobar comentarios sucesivos autom\u00e1ticamente en lugar de mantenerlos en una cola de moderaci\u00f3n.<\/p>\n<p>De los usuarios que se registran en nuestra web (si los hay), tambi\u00e9n almacenamos la informaci\u00f3n personal que proporcionan en su perfil de usuario. Todos los usuarios pueden ver, editar o eliminar su informaci\u00f3n personal en cualquier momento (excepto que no pueden cambiar su nombre de usuario). Los administradores de web tambi\u00e9n pueden ver y editar esta informaci\u00f3n.<\/p>\n<h3>Qu\u00e9 derechos tienes sobre los datos<\/h3>\n<p>Si tienes una cuenta o has dejado comentarios en esta web, puedes solicitar recibir un archivo de exportaci\u00f3n de los datos personales que tenemos sobre ti, incluyendo cualquier dato que nos hayas proporcionado. Tambi\u00e9n puedes pedir que eliminamos cualquier dato personal que tengamos sobre ti. Esto no incluye ning\u00fan dato que estemos obligados a conservar con fines administrativos, legales o de seguridad.<\/p>\n<h3><strong>Donde enviamos tus datos<\/strong><\/h3>\n<p>Los comentarios de los visitantes puede que los revise un servicio de detecci\u00f3n autom\u00e1tica de spam.<\/p>\n<h3><strong>informaci\u00f3n adicional<\/strong><\/h3>\n<p><strong>Informaci\u00f3n que recabamos<\/strong><\/p>\n<p>Obtenemos mediante formularios de registro la informaci\u00f3n m\u00ednima e indispensable. En este formulario usted facilitar\u00e1 los siguientes datos: correo electr\u00f3nico, nombre y apellidos.<\/p>\n<p><strong>Medidas de seguridad<\/strong><\/p>\n<p>Los datos que nos facilite se tratar\u00e1n de forma confidencial. El Prestador ha adoptado todas las medidas t\u00e9cnicas y organizativas y todos los niveles de protecci\u00f3n necesarios para garantizar la seguridad en el tratamiento de los datos y evitar su alteraci\u00f3n, p\u00e9rdida, robo, tratamiento o acceso no autorizado, de acuerdo al estado de la tecnolog\u00eda y naturaleza de los datos almacenados.<\/p>\n<p>Asimismo, se garantiza tambi\u00e9n que el tratamiento y registro en ficheros, programas, sistemas o equipos, locales y centros cumplen con los requisitos y condiciones de integridad y seguridad establecidos en la normativa vigente.<\/p>\n<p><strong>Idioma<\/strong><\/p>\n<p>El idioma aplicable a esta Pol\u00edtica de Privacidad es el catal\u00e1n. Por tanto, en caso de que hubiera alguna contradicci\u00f3n en alguna de las versiones facilitadas en otros idiomas, prevalecer\u00e1 la versi\u00f3n en catal\u00e1n.<\/p>\n<h3><strong>Cambios en la presente pol\u00edtica de privacidad<\/strong><\/h3>\n<p>PUBLINTUR S.A. se reserva el derecho a modificar la presente pol\u00edtica para adaptarla a las novedades legislativas o jurisprudenciales.<\/p>\n<h3><strong>Legislaci\u00f3n<\/strong><\/h3>\n<p>A todos los efectos las relaciones entre PUBLINTUR S.A. y los usuarios de sus servicios telem\u00e1ticos, presentes en esta web, est\u00e1n sometidos a la legislaci\u00f3n y jurisdicci\u00f3n espa\u00f1ola a la que se someten expresamente las partes, siendo competentes para la resoluci\u00f3n de todos los conflictos derivados o relacionados con su uso los Juzgados y tribunales de BARCELONA.[\/vc_column_text][\/vc_column][\/vc_row]\n<\/div>","protected":false},"excerpt":{"rendered":"<p>[vc_row][vc_column][vc_column_text] Quienes somos La direcci\u00f3n de nuestra web es: https:\/\/publintur.cat Qu\u00e9 datos personales recogemos y por qu\u00e9 los recogemos Comentarios Cuando los visitantes dejan comentarios en la web, recopilamos los datos que se muestran en el formulario de comentarios, as\u00ed c\u00f3mo la direcci\u00f3n IP del visitante y la cadena de aplicaciones de usuario del navegador&hellip;<\/p>\n","protected":false},"author":1,"featured_media":0,"parent":0,"menu_order":0,"comment_status":"closed","ping_status":"open","template":"","meta":{"footnotes":""},"class_list":["post-5323","page","type-page","status-publish","hentry","entry","no-media"],"_links":{"self":[{"href":"https:\/\/publintur.cat\/es\/wp-json\/wp\/v2\/pages\/5323","targetHints":{"allow":["GET"]}}],"collection":[{"href":"https:\/\/publintur.cat\/es\/wp-json\/wp\/v2\/pages"}],"about":[{"href":"https:\/\/publintur.cat\/es\/wp-json\/wp\/v2\/types\/page"}],"author":[{"embeddable":true,"href":"https:\/\/publintur.cat\/es\/wp-json\/wp\/v2\/users\/1"}],"replies":[{"embeddable":true,"href":"https:\/\/publintur.cat\/es\/wp-json\/wp\/v2\/comments?post=5323"}],"version-history":[{"count":3,"href":"https:\/\/publintur.cat\/es\/wp-json\/wp\/v2\/pages\/5323\/revisions"}],"predecessor-version":[{"id":5384,"href":"https:\/\/publintur.cat\/es\/wp-json\/wp\/v2\/pages\/5323\/revisions\/5384"}],"wp:attachment":[{"href":"https:\/\/publintur.cat\/es\/wp-json\/wp\/v2\/media?parent=5323"}],"curies":[{"name":"wp","href":"https:\/\/api.w.org\/{rel}","templated":true}]}}