{"id":4822,"date":"2019-03-06T17:04:06","date_gmt":"2019-03-06T16:04:06","guid":{"rendered":"https:\/\/publintur.cat\/plan-fee\/"},"modified":"2019-03-08T17:43:08","modified_gmt":"2019-03-08T16:43:08","slug":"plan-fee","status":"publish","type":"page","link":"https:\/\/publintur.cat\/es\/plan-fee\/","title":{"rendered":"Plan Fee"},"content":{"rendered":"<div class=\"wpb-content-wrapper\">[vc_row][vc_column width=\u00bb7\/12&#8243;]<style>.vcex-heading.vcex_69f88b911d0d8{font-size:40px;}@media (max-width:479px){.vcex-heading.vcex_69f88b911d0d8{font-size:30px;}}<\/style><h1 class=\"vcex-heading vcex-heading-plain vcex-module wpex-heading wpex-text-2xl wpex-text-left vc_custom_1550057290808 vcex_69f88b911d0d8\"><span class=\"vcex-heading-inner wpex-inline-block\">Plan Fee mensual<\/span><\/h1>[vc_column_text font_size=\u00bbd:22px|pp:18px\u00bb text_align=\u00bbleft\u00bb color=\u00bb#000000&#8243;]Esta modalidad de servicio consiste en una cuota mensual fija que se paga por nuestros servicios profesionales de dise\u00f1o gr\u00e1fico.<\/p>\n<p>La cuota se establece en funci\u00f3n del volumen de trabajo y se determina en cada caso en concreto.<\/p>\n<p>Es ideal para PYMES y departamentos de marketing.[\/vc_column_text]<style>.vcex-button.vcex_69f88b911dfef{background:#dd3333;font-size:16px;}<\/style><div class=\"vc_custom_1552063382122  wpb_animate_when_almost_visible wpb_bounceIn bounceIn wpex-clr\"><a href=\"https:\/\/publintur.cat\/es\/contacto\/\" class=\"vcex-button theme-button inline vcex_69f88b911dfef\" target=\"_blank\" rel=\"noopener noreferrer\"><span class=\"vcex-button-inner theme-button-inner wpex-flex wpex-flex-wrap wpex-items-center wpex-justify-center\">Pida informaci\u00f3n y aproveche sus ventajas<\/span><\/a><\/div> [\/vc_column][vc_column width=\u00bb5\/12&#8243;]<style>.vcex-heading.vcex_69f88b9120f5d{color:#dd3333;font-size:28px;}@media (max-width:479px){.vcex-heading.vcex_69f88b9120f5d{font-size:20px;}}<\/style><h2 class=\"vcex-heading vcex-heading-plain vcex-module wpex-heading wpex-text-2xl wpex-text-left vc_custom_1550224272730 vcex_69f88b9120f5d\"><span class=\"vcex-heading-inner wpex-inline-block\">Ventajas para el cliente:<\/span><\/h2>[vc_column_text text_align=\u00bbleft\u00bb font_size=\u00bb16px\u00bb css=\u00bb.vc_custom_1550224522439{padding-top: 15px !important;}\u00bb]<img loading=\"lazy\" decoding=\"async\" class=\"alignnone size-full wp-image-4182\" src=\"https:\/\/publintur.cat\/wp-content\/uploads\/2019\/02\/ok-icon.png\" alt=\"\" width=\"30\" height=\"30\">[\/vc_column_text][vc_column_text font_size=\u00bbd:18px|pp:16px\u00bb font_weight=\u00bb300&#8243;]Mejora de la cuenta de resultados, sustituyendo costes fijos por variables y optimizando recursos y espacios.[\/vc_column_text][vc_column_text text_align=\u00bbleft\u00bb font_size=\u00bb16px\u00bb css=\u00bb.vc_custom_1550224522439{padding-top: 15px !important;}\u00bb]<img loading=\"lazy\" decoding=\"async\" class=\"alignnone size-full wp-image-4182\" src=\"https:\/\/publintur.cat\/wp-content\/uploads\/2019\/02\/ok-icon.png\" alt=\"\" width=\"30\" height=\"30\">[\/vc_column_text][vc_column_text font_size=\u00bbd:18px|pp:16px\u00bb]Disponer de un equipo de creativos y asesores que da respuesta a las necesidades del departamento de marketing.[\/vc_column_text][vc_column_text text_align=\u00bbleft\u00bb font_size=\u00bb16px\u00bb css=\u00bb.vc_custom_1550224522439{padding-top: 15px !important;}\u00bb]<img loading=\"lazy\" decoding=\"async\" class=\"alignnone size-full wp-image-4182\" src=\"https:\/\/publintur.cat\/wp-content\/uploads\/2019\/02\/ok-icon.png\" alt=\"\" width=\"30\" height=\"30\">[\/vc_column_text][vc_column_text font_size=\u00bbd:18px|pp:16px\u00bb]Obtener ideas y creaciones objetivas que pueden mejorar sus proyectos.[\/vc_column_text][vc_column_text text_align=\u00bbleft\u00bb font_size=\u00bb16px\u00bb css=\u00bb.vc_custom_1550224522439{padding-top: 15px !important;}\u00bb]<img loading=\"lazy\" decoding=\"async\" class=\"alignnone size-full wp-image-4182\" src=\"https:\/\/publintur.cat\/wp-content\/uploads\/2019\/02\/ok-icon.png\" alt=\"\" width=\"30\" height=\"30\">[\/vc_column_text][vc_column_text font_size=\u00bbd:18px|pp:16px\u00bb]Establecer un canal de comunicaci\u00f3n \u00e1gil, con un servicio din\u00e1mico y con un feedback constante.[\/vc_column_text][\/vc_column][\/vc_row]\n<\/div>","protected":false},"excerpt":{"rendered":"<p>[vc_row][vc_column width=\u00bb7\/12&#8243;][vc_column_text font_size=\u00bbd:22px|pp:18px\u00bb text_align=\u00bbleft\u00bb color=\u00bb#000000&#8243;]Esta modalidad de servicio consiste en una cuota mensual fija que se paga por nuestros servicios profesionales de dise\u00f1o gr\u00e1fico. La cuota se establece en funci\u00f3n del volumen de trabajo y se determina en cada caso en concreto. Es ideal para PYMES y departamentos de marketing.[\/vc_column_text][\/vc_column][vc_column width=\u00bb5\/12&#8243;][vc_column_text text_align=\u00bbleft\u00bb font_size=\u00bb16px\u00bb css=\u00bb.vc_custom_1550224522439{padding-top: 15px&hellip;<\/p>\n","protected":false},"author":1,"featured_media":0,"parent":0,"menu_order":0,"comment_status":"closed","ping_status":"closed","template":"","meta":{"footnotes":""},"class_list":["post-4822","page","type-page","status-publish","hentry","entry","no-media"],"_links":{"self":[{"href":"https:\/\/publintur.cat\/es\/wp-json\/wp\/v2\/pages\/4822","targetHints":{"allow":["GET"]}}],"collection":[{"href":"https:\/\/publintur.cat\/es\/wp-json\/wp\/v2\/pages"}],"about":[{"href":"https:\/\/publintur.cat\/es\/wp-json\/wp\/v2\/types\/page"}],"author":[{"embeddable":true,"href":"https:\/\/publintur.cat\/es\/wp-json\/wp\/v2\/users\/1"}],"replies":[{"embeddable":true,"href":"https:\/\/publintur.cat\/es\/wp-json\/wp\/v2\/comments?post=4822"}],"version-history":[{"count":5,"href":"https:\/\/publintur.cat\/es\/wp-json\/wp\/v2\/pages\/4822\/revisions"}],"predecessor-version":[{"id":5378,"href":"https:\/\/publintur.cat\/es\/wp-json\/wp\/v2\/pages\/4822\/revisions\/5378"}],"wp:attachment":[{"href":"https:\/\/publintur.cat\/es\/wp-json\/wp\/v2\/media?parent=4822"}],"curies":[{"name":"wp","href":"https:\/\/api.w.org\/{rel}","templated":true}]}}