{"id":4810,"date":"2019-03-06T16:44:11","date_gmt":"2019-03-06T15:44:11","guid":{"rendered":"https:\/\/publintur.cat\/servicios\/"},"modified":"2025-07-10T16:16:46","modified_gmt":"2025-07-10T14:16:46","slug":"servicios","status":"publish","type":"page","link":"https:\/\/publintur.cat\/es\/servicios\/","title":{"rendered":"Servicios"},"content":{"rendered":"<div class=\"wpb-content-wrapper\">[vc_row][vc_column][vc_column_text css=\u00bb\u00bb text_align=\u00bbcenter\u00bb font_weight=\u00bb300&#8243; font_size=\u00bbd:23px|pp:15px\u00bb line_height=\u00bb1.5em\u00bb]Comenzamos hace mas de 40 a\u00f1os como una empresa de dise\u00f1o gr\u00e1fico y editorial enfocados en el sector tur\u00edstico. Hemos ido evolucionando y adapt\u00e1ndonos a las nuevas necesidades de comunicaci\u00f3n y hoy nuestra cartera de clientes es de diversos sectores.[\/vc_column_text][\/vc_column][\/vc_row][vc_row][vc_column][vc_column_text]\u00a0 [\/vc_column_text][\/vc_column][\/vc_row][vc_row][vc_column]<figure class=\"vcex-image vcex-module\"><div class=\"vcex-image-inner wpex-relative wpex-inline-block\"><img width=\"3543\" height=\"1441\" src=\"https:\/\/publintur.cat\/wp-content\/uploads\/2023\/01\/GRAFICA-2_cast-e1752156875222.jpg\" class=\"vcex-image-img wpex-align-middle\" alt=\"\" loading=\"lazy\" decoding=\"async\" \/><\/div><\/figure>[\/vc_column][\/vc_row][vc_row][vc_column][vc_btn title=\u00bbAprovecha nuestro Plan Fee mensual de dise\u00f1o\u00bb style=\u00bbclassic\u00bb color=\u00bbjuicy-pink\u00bb size=\u00bblg\u00bb align=\u00bbcenter\u00bb css_animation=\u00bbbounceIn\u00bb link=\u00bburl:http%3A%2F%2Fpublintur.cat%2Fes%2Fplan-fee%2F||target:%20_blank|\u00bb el_class=\u00bbtext-btn\u00bb][\/vc_column][\/vc_row][vc_row][vc_column][vc_column_text]\n[\/vc_column_text][\/vc_column][\/vc_row][vc_row][vc_column width=\u00bb1\/3&#8243;]<style>.vcex-heading.vcex_69f88bc6ec6fe{color:#dd3333;font-size:25px;font-weight:300;letter-spacing:0px;}@media (max-width:479px){.vcex-heading.vcex_69f88bc6ec6fe{font-size:22px;}}<\/style><h2 class=\"vcex-heading vcex-heading-plain vcex-module wpex-heading wpex-text-2xl vcex_69f88bc6ec6fe\"><span class=\"vcex-heading-inner wpex-inline-block\">Dise\u00f1o gr\u00e1fico<\/span><\/h2><div class=\"vcex-spacing wpex-w-100 wpex-clear\" style=\"height:10px;\"><\/div>[vc_column_text font_size=\u00bbd:15px|pp:13px\u00bb line_height=\u00bb22px\u00bb font_weight=\u00bb300&#8243;]Dise\u00f1amos y ofrecemos soluciones creativas, sostenibles y factibles en proyectos de branding, productos, servicios, espacios que impacten positivamente en sus organizaciones y empresas.[\/vc_column_text]<div class=\"vcex-spacing wpex-w-100 wpex-clear\" style=\"height:10px;\"><\/div><style>.vcex-heading.vcex_69f88bc6ed4b0{font-size:22px;font-weight:300;}@media (max-width:479px){.vcex-heading.vcex_69f88bc6ed4b0{font-size:18px;}}<\/style><h3 class=\"vcex-heading vcex-heading-plain vcex-module wpex-heading wpex-text-2xl vcex_69f88bc6ed4b0\"><span class=\"vcex-heading-inner wpex-inline-block\">Editorial<\/span><\/h3>[vc_column_text font_size=\u00bbd:15px|pp:13px\u00bb font_weight=\u00bb300&#8243;]Publicaciones, revistas, libros, memorias anuales, cat\u00e1logos, folletos, agendas personalizadas&#8230;[\/vc_column_text]<div class=\"vcex-spacing wpex-w-100 wpex-clear\" style=\"height:10px;\"><\/div><style>.vcex-heading.vcex_69f88bc6edb1f{font-size:22px;font-weight:300;}@media (max-width:479px){.vcex-heading.vcex_69f88bc6edb1f{font-size:18px;}}<\/style><h3 class=\"vcex-heading vcex-heading-plain vcex-module wpex-heading wpex-text-2xl vcex_69f88bc6edb1f\"><span class=\"vcex-heading-inner wpex-inline-block\">Dise\u00f1o publicitario<\/span><\/h3>[vc_column_text font_size=\u00bbd:15px|pp:13px\u00bb font_weight=\u00bb300&#8243;]P\u00f3sters, carteles, flyers, d\u00edpticos, tr\u00edpticos, vallas&#8230;[\/vc_column_text]<div class=\"vcex-spacing wpex-w-100 wpex-clear\" style=\"height:10px;\"><\/div><style>.vcex-heading.vcex_69f88bc6ee165{font-size:22px;font-weight:300;}@media (max-width:479px){.vcex-heading.vcex_69f88bc6ee165{font-size:18px;}}<\/style><h3 class=\"vcex-heading vcex-heading-plain vcex-module wpex-heading wpex-text-2xl vcex_69f88bc6ee165\"><span class=\"vcex-heading-inner wpex-inline-block\">Dise\u00f1o corporativo<\/span><\/h3>[vc_column_text font_size=\u00bbd:15px|pp:13px\u00bb font_weight=\u00bb300&#8243;]Logotipos, manuales de identidad corporativa, papeler\u00eda corporativa, packaging, presentaciones&#8230;[\/vc_column_text]<div class=\"vcex-spacing wpex-w-100 wpex-clear\" style=\"height:10px;\"><\/div><style>.vcex-heading.vcex_69f88bc6ee7dc{font-size:22px;font-weight:300;}@media (max-width:479px){.vcex-heading.vcex_69f88bc6ee7dc{font-size:18px;}}<\/style><h3 class=\"vcex-heading vcex-heading-plain vcex-module wpex-heading wpex-text-2xl vcex_69f88bc6ee7dc\"><span class=\"vcex-heading-inner wpex-inline-block\">Dise\u00f1o Event Marketing<\/span><\/h3>[vc_column_text font_size=\u00bbd:15px|pp:13px\u00bb font_weight=\u00bb300&#8243;]Lonas, rollups, stands para ferias, photocalls, invitaciones, acreditaciones, entradas&#8230;[\/vc_column_text]<div class=\"vcex-spacing wpex-w-100 wpex-clear\" style=\"height:10px;\"><\/div><style>.vcex-heading.vcex_69f88bc6eedc0{font-size:22px;font-weight:300;}@media (max-width:479px){.vcex-heading.vcex_69f88bc6eedc0{font-size:18px;}}<\/style><h3 class=\"vcex-heading vcex-heading-plain vcex-module wpex-heading wpex-text-2xl vcex_69f88bc6eedc0\"><span class=\"vcex-heading-inner wpex-inline-block\">Dise\u00f1o de se\u00f1al\u00e9tica<\/span><\/h3>[vc_column_text font_size=\u00bbd:15px|pp:13px\u00bb font_weight=\u00bb300&#8243;]Se\u00f1al\u00e9tica de espacios, carteles, letreros, lonas&#8230;[\/vc_column_text]<div class=\"vcex-spacing wpex-w-100 wpex-clear\" style=\"height:10px;\"><\/div>[\/vc_column][vc_column width=\u00bb1\/3&#8243;]<style>.vcex-heading.vcex_69f88bc6ef3bc{color:#dd3333;font-size:25px;font-weight:300;letter-spacing:0px;}@media (max-width:479px){.vcex-heading.vcex_69f88bc6ef3bc{font-size:22px;}}<\/style><h2 class=\"vcex-heading vcex-heading-plain vcex-module wpex-heading wpex-text-2xl vcex_69f88bc6ef3bc\"><span class=\"vcex-heading-inner wpex-inline-block\">Impresi\u00f3n<\/span><\/h2><div class=\"vcex-spacing wpex-w-100 wpex-clear\" style=\"height:10px;\"><\/div>[vc_column_text font_size=\u00bbd:15px|pp:13px\u00bb line_height=\u00bb22px\u00bb font_weight=\u00bb300&#8243;]Disponemos de maquinaria de impresi\u00f3n digital y offset, lo que nos permite dar soluciones \u00f3ptimas de impresi\u00f3n a cualquier proyecto.<\/p>\n[\/vc_column_text]<div class=\"vcex-spacing wpex-w-100 wpex-clear\" style=\"height:5px;\"><\/div>[vc_column_text font_size=\u00bbd:15px|pp:13px\u00bb line_height=\u00bb22px\u00bb font_weight=\u00bb300&#8243;]Tambi\u00e9n asesoramos y apoyamos a los departamentos de Marketing de las empresas en todo el proceso de producci\u00f3n gr\u00e1fica desde la verificaci\u00f3n inicial del documento hasta toda la log\u00edstica necesaria para su entrega o env\u00edo final.<\/p>\n[\/vc_column_text]<div class=\"vcex-spacing wpex-w-100 wpex-clear\" style=\"height:10px;\"><\/div><style>.vcex-heading.vcex_69f88bc6efc1a{font-size:22px;font-weight:300;}@media (max-width:479px){.vcex-heading.vcex_69f88bc6efc1a{font-size:18px;}}<\/style><h3 class=\"vcex-heading vcex-heading-plain vcex-module wpex-heading wpex-text-2xl vcex_69f88bc6efc1a\"><span class=\"vcex-heading-inner wpex-inline-block\">Impresi\u00f3n offset<\/span><\/h3>[vc_column_text font_size=\u00bbd:15px|pp:13px\u00bb font_weight=\u00bb300&#8243;]Indicada para grandes tiradas. Disponemos de un equipo especializado y maquinaria propia.<\/p>\n[\/vc_column_text]<div class=\"vcex-spacing wpex-w-100 wpex-clear\" style=\"height:10px;\"><\/div><style>.vcex-heading.vcex_69f88bc6f021b{font-size:22px;font-weight:300;}@media (max-width:479px){.vcex-heading.vcex_69f88bc6f021b{font-size:18px;}}<\/style><h3 class=\"vcex-heading vcex-heading-plain vcex-module wpex-heading wpex-text-2xl vcex_69f88bc6f021b\"><span class=\"vcex-heading-inner wpex-inline-block\">Impresi\u00f3n digital - Imprenta r\u00e1pida<\/span><\/h3>[vc_column_text font_size=\u00bbd:15px|pp:13px\u00bb font_weight=\u00bb300&#8243;]Ofrecemos soluciones de impresi\u00f3n digital con calidad offset para tiradas cortas y aplicamos datos variables en tiradas largas (impresi\u00f3n VDP).<\/p>\n[\/vc_column_text]<div class=\"vcex-spacing wpex-w-100 wpex-clear\" style=\"height:10px;\"><\/div><style>.vcex-heading.vcex_69f88bc6f07d2{color:#dd3333;font-size:22px;font-weight:300;}@media (max-width:479px){.vcex-heading.vcex_69f88bc6f07d2{font-size:18px;}}<\/style><h3 class=\"vcex-heading vcex-heading-plain vcex-module wpex-heading wpex-text-2xl wpex-text-left vcex_69f88bc6f07d2\"><span class=\"vcex-heading-inner wpex-inline-block\">Gran formato \/ Rotulaci\u00f3n<\/span><\/h3>[vc_column_text font_size=\u00bbd:15px|pp:13px\u00bb font_weight=\u00bb300&#8243;]Ofrecemos servicio de impresi\u00f3n gran formato y carteler\u00eda sobre diferentes soportes (papel, vinilo, PVC, metacrilato, lona &#8230;) as\u00ed como su instalaci\u00f3n. Tambi\u00e9n rotulaci\u00f3n de espacios y displays publicitarios (roll ups, peanas, banners, etc)<\/p>\n[\/vc_column_text][\/vc_column][vc_column width=\u00bb1\/3&#8243;]<style>.vcex-heading.vcex_69f88bc6f0d11{color:#dd3333;font-size:25px;font-weight:300;letter-spacing:0px;}@media (max-width:479px){.vcex-heading.vcex_69f88bc6f0d11{font-size:22px;}}<\/style><h2 class=\"vcex-heading vcex-heading-plain vcex-module wpex-heading wpex-text-2xl vcex_69f88bc6f0d11\"><span class=\"vcex-heading-inner wpex-inline-block\">Proyectos digitales<\/span><\/h2><div class=\"vcex-spacing wpex-w-100 wpex-clear\" style=\"height:5px;\"><\/div><style>.vcex-heading.vcex_69f88bc6f1318{font-size:22px;font-weight:300;}@media (max-width:479px){.vcex-heading.vcex_69f88bc6f1318{font-size:18px;}}<\/style><h3 class=\"vcex-heading vcex-heading-plain vcex-module wpex-heading wpex-text-2xl vcex_69f88bc6f1318\"><span class=\"vcex-heading-inner wpex-inline-block\">Dise\u00f1o de campa\u00f1as on line<\/span><\/h3>[vc_column_text font_size=\u00bbd:15px|pp:13px\u00bb font_weight=\u00bb300&#8243;]Newsletters, banners, landing pages, anuncios, fanpages &#8230;[\/vc_column_text]<div class=\"vcex-spacing wpex-w-100 wpex-clear\" style=\"height:10px;\"><\/div><style>.vcex-heading.vcex_69f88bc6f193f{font-size:22px;font-weight:300;}@media (max-width:479px){.vcex-heading.vcex_69f88bc6f193f{font-size:18px;}}<\/style><h3 class=\"vcex-heading vcex-heading-plain vcex-module wpex-heading wpex-text-2xl vcex_69f88bc6f193f\"><span class=\"vcex-heading-inner wpex-inline-block\">Efectos<\/span><\/h3>[vc_column_text font_size=\u00bbd:15px|pp:13px\u00bb font_weight=\u00bb300&#8243;]Animaciones, sliders, pop-ups&#8230;[\/vc_column_text]<div class=\"vcex-spacing wpex-w-100 wpex-clear\" style=\"height:10px;\"><\/div><style>.vcex-heading.vcex_69f88bc6f1f78{font-size:22px;font-weight:300;}@media (max-width:479px){.vcex-heading.vcex_69f88bc6f1f78{font-size:18px;}}<\/style><h3 class=\"vcex-heading vcex-heading-plain vcex-module wpex-heading wpex-text-2xl vc_custom_1550070946800 vcex_69f88bc6f1f78\"><span class=\"vcex-heading-inner wpex-inline-block\">Redes sociales<\/span><\/h3>[vc_column_text font_size=\u00bbd:15px|pp:13px\u00bb font_weight=\u00bb300&#8243;]Dise\u00f1o de aplicaciones gr\u00e1ficas para redes sociales[\/vc_column_text]<div class=\"vcex-spacing wpex-w-100 wpex-clear\" style=\"height:10px;\"><\/div><style>.vcex-heading.vcex_69f88bc6f25c0{font-size:22px;font-weight:300;}@media (max-width:479px){.vcex-heading.vcex_69f88bc6f25c0{font-size:18px;}}<\/style><h3 class=\"vcex-heading vcex-heading-plain vcex-module wpex-heading wpex-text-2xl vc_custom_1550070837958 vcex_69f88bc6f25c0\"><span class=\"vcex-heading-inner wpex-inline-block\">Presentaciones<\/span><\/h3>[vc_column_text font_size=\u00bbd:15px|pp:13px\u00bb font_weight=\u00bb300&#8243;]Dise\u00f1o para presentaciones de empresa y de producto, de comunicaci\u00f3n interna, para eventos, con animaciones, efectos&#8230;[\/vc_column_text][\/vc_column][\/vc_row]\n<\/div>","protected":false},"excerpt":{"rendered":"<p>[vc_row][vc_column][vc_column_text css=\u00bb\u00bb text_align=\u00bbcenter\u00bb font_weight=\u00bb300&#8243; font_size=\u00bbd:23px|pp:15px\u00bb line_height=\u00bb1.5em\u00bb]Comenzamos hace mas de 40 a\u00f1os como una empresa de dise\u00f1o gr\u00e1fico y editorial enfocados en el sector tur\u00edstico. Hemos ido evolucionando y adapt\u00e1ndonos a las nuevas necesidades de comunicaci\u00f3n y hoy nuestra cartera de clientes es de diversos sectores.[\/vc_column_text][\/vc_column][\/vc_row][vc_row][vc_column][vc_column_text]\u00a0 [\/vc_column_text][\/vc_column][\/vc_row][vc_row][vc_column][\/vc_column][\/vc_row][vc_row][vc_column][vc_btn title=\u00bbAprovecha nuestro Plan Fee mensual de dise\u00f1o\u00bb style=\u00bbclassic\u00bb color=\u00bbjuicy-pink\u00bb&hellip;<\/p>\n","protected":false},"author":1,"featured_media":0,"parent":0,"menu_order":0,"comment_status":"open","ping_status":"closed","template":"","meta":{"footnotes":""},"class_list":["post-4810","page","type-page","status-publish","hentry","entry","no-media"],"_links":{"self":[{"href":"https:\/\/publintur.cat\/es\/wp-json\/wp\/v2\/pages\/4810","targetHints":{"allow":["GET"]}}],"collection":[{"href":"https:\/\/publintur.cat\/es\/wp-json\/wp\/v2\/pages"}],"about":[{"href":"https:\/\/publintur.cat\/es\/wp-json\/wp\/v2\/types\/page"}],"author":[{"embeddable":true,"href":"https:\/\/publintur.cat\/es\/wp-json\/wp\/v2\/users\/1"}],"replies":[{"embeddable":true,"href":"https:\/\/publintur.cat\/es\/wp-json\/wp\/v2\/comments?post=4810"}],"version-history":[{"count":32,"href":"https:\/\/publintur.cat\/es\/wp-json\/wp\/v2\/pages\/4810\/revisions"}],"predecessor-version":[{"id":7601,"href":"https:\/\/publintur.cat\/es\/wp-json\/wp\/v2\/pages\/4810\/revisions\/7601"}],"wp:attachment":[{"href":"https:\/\/publintur.cat\/es\/wp-json\/wp\/v2\/media?parent=4810"}],"curies":[{"name":"wp","href":"https:\/\/api.w.org\/{rel}","templated":true}]}}