{"id":4799,"date":"2019-03-06T16:22:19","date_gmt":"2019-03-06T15:22:19","guid":{"rendered":"https:\/\/publintur.cat\/otros-productos\/"},"modified":"2025-01-09T12:35:15","modified_gmt":"2025-01-09T11:35:15","slug":"otros-productos","status":"publish","type":"page","link":"https:\/\/publintur.cat\/es\/otros-productos\/","title":{"rendered":"Otros productos"},"content":{"rendered":"<div class=\"wpb-content-wrapper\">[vc_row][vc_column][vc_separator][\/vc_column][\/vc_row][vc_row][vc_column width=\u00bb1\/3&#8243;]<figure class=\"vcex-image vcex-module\"><div class=\"vcex-image-inner wpex-relative wpex-inline-block\"><img width=\"813\" height=\"813\" src=\"https:\/\/publintur.cat\/wp-content\/uploads\/2018\/12\/cartelleria.jpg\" class=\"vcex-image-img wpex-align-middle\" alt=\"\" loading=\"lazy\" decoding=\"async\" srcset=\"https:\/\/publintur.cat\/wp-content\/uploads\/2018\/12\/cartelleria.jpg 813w, https:\/\/publintur.cat\/wp-content\/uploads\/2018\/12\/cartelleria-150x150.jpg 150w, https:\/\/publintur.cat\/wp-content\/uploads\/2018\/12\/cartelleria-300x300.jpg 300w, https:\/\/publintur.cat\/wp-content\/uploads\/2018\/12\/cartelleria-768x768.jpg 768w\" sizes=\"auto, (max-width: 813px) 100vw, 813px\" \/><\/div><\/figure>[\/vc_column][vc_column width=\u00bb2\/3&#8243;]<style>.vcex-heading.vcex_69f88bbd4c096{font-size:30px;line-height:30px;}<\/style><h1 class=\"vcex-heading vcex-heading-plain vcex-module wpex-heading wpex-text-2xl vcex_69f88bbd4c096\"><span class=\"vcex-heading-inner wpex-inline-block\">Carteler\u00eda electr\u00f3nica<\/span><\/h1><div class=\"vcex-spacing wpex-w-100 wpex-clear\" style=\"height:10px;\"><\/div><style>.vcex-heading.vcex_69f88bbd4e284{font-size:20px;line-height:25px;}<\/style><h2 class=\"vcex-heading vcex-heading-plain vcex-module wpex-heading wpex-text-2xl vcex_69f88bbd4e284\"><span class=\"vcex-heading-inner wpex-inline-block\">Un canal de comunicaci\u00f3n corporativo para los establecimientos de alojamiento<\/span><\/h2><div class=\"vcex-spacing wpex-w-100 wpex-clear\" style=\"height:20px;\"><\/div>[vc_column_text font_weight=\u00bb300&#8243; font_size=\u00bbd:16px|pp:14px\u00bb]Cada vez son m\u00e1s los establecimientos de alojamiento que nos conf\u00edan su carteler\u00eda electr\u00f3nica, un canal de comunicaci\u00f3n corporativo que permite informar puntualmente al cliente de todas las posibilidades de servicio de su establecimiento, mejorando la comunicaci\u00f3n y contribuyendo al incremento de las ventas.\u00a0 Desde PUBLINTUR ofrecemos un software, una herramienta muy sencilla de manejar, y un servicio de dise\u00f1o de c\u00e1psulas.[\/vc_column_text][\/vc_column][\/vc_row][vc_row][vc_column][vc_separator][\/vc_column][\/vc_row]\n<\/div>","protected":false},"excerpt":{"rendered":"<p>[vc_row][vc_column][vc_separator][\/vc_column][\/vc_row][vc_row][vc_column width=\u00bb1\/3&#8243;][\/vc_column][vc_column width=\u00bb2\/3&#8243;][vc_column_text font_weight=\u00bb300&#8243; font_size=\u00bbd:16px|pp:14px\u00bb]Cada vez son m\u00e1s los establecimientos de alojamiento que nos conf\u00edan su carteler\u00eda electr\u00f3nica, un canal de comunicaci\u00f3n corporativo que permite informar puntualmente al cliente de todas las posibilidades de servicio de su establecimiento, mejorando la comunicaci\u00f3n y contribuyendo al incremento de las ventas.\u00a0 Desde PUBLINTUR ofrecemos un software, una herramienta&hellip;<\/p>\n","protected":false},"author":1,"featured_media":0,"parent":0,"menu_order":0,"comment_status":"closed","ping_status":"closed","template":"","meta":{"footnotes":""},"class_list":["post-4799","page","type-page","status-publish","hentry","entry","no-media"],"_links":{"self":[{"href":"https:\/\/publintur.cat\/es\/wp-json\/wp\/v2\/pages\/4799","targetHints":{"allow":["GET"]}}],"collection":[{"href":"https:\/\/publintur.cat\/es\/wp-json\/wp\/v2\/pages"}],"about":[{"href":"https:\/\/publintur.cat\/es\/wp-json\/wp\/v2\/types\/page"}],"author":[{"embeddable":true,"href":"https:\/\/publintur.cat\/es\/wp-json\/wp\/v2\/users\/1"}],"replies":[{"embeddable":true,"href":"https:\/\/publintur.cat\/es\/wp-json\/wp\/v2\/comments?post=4799"}],"version-history":[{"count":3,"href":"https:\/\/publintur.cat\/es\/wp-json\/wp\/v2\/pages\/4799\/revisions"}],"predecessor-version":[{"id":7098,"href":"https:\/\/publintur.cat\/es\/wp-json\/wp\/v2\/pages\/4799\/revisions\/7098"}],"wp:attachment":[{"href":"https:\/\/publintur.cat\/es\/wp-json\/wp\/v2\/media?parent=4799"}],"curies":[{"name":"wp","href":"https:\/\/api.w.org\/{rel}","templated":true}]}}